{"id":2522,"date":"2020-09-15T22:22:37","date_gmt":"2020-09-15T22:22:37","guid":{"rendered":"https:\/\/infocplus.com\/new2\/logiciel\/"},"modified":"2024-08-05T21:38:28","modified_gmt":"2024-08-05T21:38:28","slug":"logiciel","status":"publish","type":"page","link":"https:\/\/infocplus.com\/fr\/logiciel\/","title":{"rendered":"Logiciel"},"content":{"rendered":"<p><div class=\"fusion-fullwidth fullwidth-box fusion-builder-row-1 fusion-flex-container nonhundred-percent-fullwidth non-hundred-percent-height-scrolling\" style=\"--awb-border-radius-top-left:0px;--awb-border-radius-top-right:0px;--awb-border-radius-bottom-right:0px;--awb-border-radius-bottom-left:0px;--awb-padding-top:42px;--awb-padding-bottom:30px;--awb-padding-top-medium:24px;--awb-padding-top-small:20px;--awb-margin-top:0px;--awb-margin-bottom:0px;--awb-background-image:linear-gradient(360deg, var(--awb-color2) 14%,var(--awb-color1) 14%);--awb-flex-wrap:wrap;\" ><div class=\"fusion-builder-row fusion-row fusion-flex-align-items-stretch fusion-flex-justify-content-center fusion-flex-content-wrap\" style=\"max-width:1310.4px;margin-left: calc(-4% \/ 2 );margin-right: calc(-4% \/ 2 );\"><div class=\"fusion-layout-column fusion_builder_column fusion-builder-column-0 fusion_builder_column_1_2 1_2 fusion-flex-column\" style=\"--awb-bg-size:cover;--awb-width-large:50%;--awb-margin-top-large:20px;--awb-spacing-right-large:11.52%;--awb-margin-bottom-large:68px;--awb-spacing-left-large:3.84%;--awb-width-medium:50%;--awb-order-medium:0;--awb-margin-top-medium:20px;--awb-spacing-right-medium:3.84%;--awb-margin-bottom-medium:20px;--awb-spacing-left-medium:3.84%;--awb-width-small:100%;--awb-order-small:0;--awb-margin-top-small:20px;--awb-spacing-right-small:1.92%;--awb-spacing-left-small:1.92%;\"><div class=\"fusion-column-wrapper fusion-column-has-shadow fusion-flex-justify-content-center fusion-content-layout-column\"><div class=\"fusion-title title fusion-title-1 fusion-sep-none fusion-title-text fusion-title-size-four\" style=\"--awb-text-color:var(--awb-color7);--awb-margin-top:0px;--awb-margin-bottom:8px;--awb-margin-bottom-small:0px;\"><h4 class=\"fusion-title-heading title-heading-left fusion-responsive-typography-calculated\" style=\"margin:0;--fontSize:24;--minFontSize:24;line-height:1.42;\">Logiciel<\/h4><\/div><div class=\"fusion-title title fusion-title-2 fusion-sep-none fusion-title-text fusion-title-size-one\" style=\"--awb-margin-bottom-small:0px;--awb-font-size:47px;\"><h1 class=\"fusion-title-heading title-heading-left fusion-responsive-typography-calculated\" style=\"margin:0;font-size:1em;--fontSize:47;line-height:var(--awb-typography1-line-height);\">Logiciel de comptabilit\u00e9<\/h1><\/div><div class=\"fusion-text fusion-text-1\" style=\"--awb-font-size:22px;--awb-line-height:36px;--awb-text-color:var(--awb-custom1);\"><p>Dans le paysage commercial anim\u00e9 de Montr\u00e9al et de la grande r\u00e9gion de Montr\u00e9al, notre cabinet propose des services de comptabilit\u00e9 avec des logiciels comptables de pointe, con\u00e7us pour rationaliser votre gestion financi\u00e8re avec pr\u00e9cision et flexibilit\u00e9.<\/p>\n<\/div><\/div><\/div><div class=\"fusion-layout-column fusion_builder_column fusion-builder-column-1 fusion_builder_column_1_2 1_2 fusion-flex-column\" style=\"--awb-bg-size:cover;--awb-width-large:50%;--awb-margin-top-large:20px;--awb-spacing-right-large:3.84%;--awb-margin-bottom-large:20px;--awb-spacing-left-large:7.68%;--awb-width-medium:50%;--awb-order-medium:0;--awb-spacing-right-medium:3.84%;--awb-spacing-left-medium:7.68%;--awb-width-small:100%;--awb-order-small:0;--awb-spacing-right-small:1.92%;--awb-spacing-left-small:3.84%;\"><div class=\"fusion-column-wrapper fusion-column-has-shadow fusion-flex-justify-content-flex-start fusion-content-layout-column\"><div class=\"fusion-image-element \" style=\"text-align:center;--awb-caption-title-font-family:var(--h2_typography-font-family);--awb-caption-title-font-weight:var(--h2_typography-font-weight);--awb-caption-title-font-style:var(--h2_typography-font-style);--awb-caption-title-size:var(--h2_typography-font-size);--awb-caption-title-transform:var(--h2_typography-text-transform);--awb-caption-title-line-height:var(--h2_typography-line-height);--awb-caption-title-letter-spacing:var(--h2_typography-letter-spacing);\"><span class=\" fusion-imageframe imageframe-none imageframe-1 hover-type-none\" style=\"border-radius:12px;\"><img decoding=\"async\" width=\"2560\" height=\"1707\" title=\"Software Accounting\" src=\"https:\/\/infocplus.com\/wp-content\/uploads\/2024\/02\/Software-Accounting-scaled.jpg\" data-orig-src=\"https:\/\/infocplus.com\/wp-content\/uploads\/2024\/02\/Software-Accounting-scaled.jpg\" alt class=\"lazyload img-responsive wp-image-2501\" srcset=\"data:image\/svg+xml,%3Csvg%20xmlns%3D%27http%3A%2F%2Fwww.w3.org%2F2000%2Fsvg%27%20width%3D%272560%27%20height%3D%271707%27%20viewBox%3D%270%200%202560%201707%27%3E%3Crect%20width%3D%272560%27%20height%3D%271707%27%20fill-opacity%3D%220%22%2F%3E%3C%2Fsvg%3E\" data-srcset=\"https:\/\/infocplus.com\/wp-content\/uploads\/2024\/02\/Software-Accounting-200x133.jpg 200w, https:\/\/infocplus.com\/wp-content\/uploads\/2024\/02\/Software-Accounting-400x267.jpg 400w, https:\/\/infocplus.com\/wp-content\/uploads\/2024\/02\/Software-Accounting-600x400.jpg 600w, https:\/\/infocplus.com\/wp-content\/uploads\/2024\/02\/Software-Accounting-800x533.jpg 800w, https:\/\/infocplus.com\/wp-content\/uploads\/2024\/02\/Software-Accounting-1200x800.jpg 1200w, https:\/\/infocplus.com\/wp-content\/uploads\/2024\/02\/Software-Accounting-scaled.jpg 2560w\" data-sizes=\"auto\" data-orig-sizes=\"(max-width: 640px) 100vw, 600px\" \/><\/span><\/div><\/div><\/div><\/div><\/div><div class=\"fusion-fullwidth fullwidth-box fusion-builder-row-2 fusion-flex-container nonhundred-percent-fullwidth non-hundred-percent-height-scrolling\" style=\"--awb-border-radius-top-left:0px;--awb-border-radius-top-right:0px;--awb-border-radius-bottom-right:0px;--awb-border-radius-bottom-left:0px;--awb-padding-top:80px;--awb-padding-bottom:80px;--awb-padding-top-medium:48px;--awb-padding-bottom-medium:48px;--awb-padding-top-small:20px;--awb-padding-bottom-small:40px;--awb-background-color:var(--awb-color2);--awb-flex-wrap:wrap;\" ><div class=\"fusion-builder-row fusion-row fusion-flex-align-items-flex-start fusion-flex-justify-content-center fusion-flex-content-wrap\" style=\"max-width:1310.4px;margin-left: calc(-4% \/ 2 );margin-right: calc(-4% \/ 2 );\"><div class=\"fusion-layout-column fusion_builder_column fusion-builder-column-2 fusion_builder_column_1_1 1_1 fusion-flex-column\" style=\"--awb-bg-size:cover;--awb-width-large:100%;--awb-margin-top-large:20px;--awb-spacing-right-large:4.8%;--awb-margin-bottom-large:20px;--awb-spacing-left-large:8.64%;--awb-width-medium:100%;--awb-order-medium:0;--awb-spacing-right-medium:3.84%;--awb-spacing-left-medium:3.84%;--awb-width-small:100%;--awb-order-small:0;--awb-spacing-right-small:1.92%;--awb-margin-bottom-small:0px;--awb-spacing-left-small:1.92%;\"><div class=\"fusion-column-wrapper fusion-column-has-shadow fusion-flex-justify-content-flex-start fusion-content-layout-column\"><div class=\"fusion-content-boxes content-boxes columns row fusion-columns-1 fusion-columns-total-7 fusion-content-boxes-1 content-boxes-icon-on-side content-left fusion-delayed-animation\" style=\"--awb-margin-top:0px;--awb-margin-bottom:0px;--awb-hover-accent-color:var(--awb-color7);--awb-circle-hover-accent-color:transparent;--awb-item-margin-bottom:40px;\" data-animation-delay=\"500\" data-animationOffset=\"top-into-view\"><div style=\"--awb-backgroundcolor:rgba(255,255,255,0);--awb-content-padding-left:68px;\" class=\"fusion-column content-box-column content-box-column content-box-column-1 col-lg-12 col-md-12 col-sm-12 fusion-content-box-hover content-box-column-last-in-row\"><div class=\"col content-box-wrapper content-wrapper link-area-link-icon content-icon-wrapper-yes icon-hover-animation-fade\" data-animationOffset=\"top-into-view\"><div class=\"heading heading-with-icon icon-left\"><div class=\"icon\" style=\"-webkit-animation-duration: 500ms;animation-duration: 500ms;\"><span ><i style=\"background-color:transparent;border-color:transparent;height:auto;width: 48px;line-height:normal;font-size:48px;\" aria-hidden=\"true\" class=\"fontawesome-icon fa-clock fas circle-no\"><\/i><\/span><\/div><h4 class=\"content-box-heading fusion-responsive-typography-calculated\" style=\"--h4_typography-font-size:24px;--fontSize:24;line-height:1.42;padding-left:68px;\">D\u00e9lais flexibles<\/h4><\/div><div class=\"fusion-clearfix\"><\/div><div class=\"content-container\">Comprenant les divers besoins des entreprises, nous proposons nos services de logiciels sur une base mensuelle, trimestrielle et annuelle. Cette flexibilit\u00e9 nous permet de nous aligner sur les cycles comptables et les exigences des rapports financiers sp\u00e9cifiques \u00e0 votre <a href=\"https:\/\/infocplus.com\/fr\/garder-entreprise-en-bonne-sante-financiere-lannee\/\">entreprise<\/a>, garantissant ainsi une int\u00e9gration transparente avec vos processus existants.<\/div><\/div><\/div><div style=\"--awb-backgroundcolor:rgba(255,255,255,0);--awb-content-padding-left:68px;\" class=\"fusion-column content-box-column content-box-column content-box-column-2 col-lg-12 col-md-12 col-sm-12 fusion-content-box-hover content-box-column-last-in-row\"><div class=\"col content-box-wrapper content-wrapper link-area-link-icon content-icon-wrapper-yes icon-hover-animation-fade\" data-animationOffset=\"top-into-view\"><div class=\"heading heading-with-icon icon-left\"><div class=\"icon\" style=\"-webkit-animation-duration: 500ms;animation-duration: 500ms;\"><span ><i style=\"background-color:transparent;border-color:transparent;height:auto;width: 48px;line-height:normal;font-size:48px;\" aria-hidden=\"true\" class=\"fontawesome-icon fa-tasks fas circle-no\"><\/i><\/span><\/div><h4 class=\"content-box-heading fusion-responsive-typography-calculated\" style=\"--h4_typography-font-size:24px;--fontSize:24;line-height:1.42;padding-left:68px;\">Suivi et relev\u00e9s des comptes clients<\/h4><\/div><div class=\"fusion-clearfix\"><\/div><div class=\"content-container\">Nos solutions de logiciels offrent un suivi robuste des comptes clients, offrant des relev\u00e9s clairs et d\u00e9taill\u00e9s. Ce service est crucial pour maintenir une compr\u00e9hension pr\u00e9cise des recettes financi\u00e8res re\u00e7us, vous aidant \u00e0 prendre des d\u00e9cisions commerciales \u00e9clair\u00e9es et \u00e0 maintenir un flux de tr\u00e9sorerie sain.<\/div><\/div><\/div><div style=\"--awb-backgroundcolor:rgba(255,255,255,0);--awb-content-padding-left:68px;\" class=\"fusion-column content-box-column content-box-column content-box-column-3 col-lg-12 col-md-12 col-sm-12 fusion-content-box-hover content-box-column-last-in-row\"><div class=\"col content-box-wrapper content-wrapper link-area-link-icon content-icon-wrapper-yes icon-hover-animation-fade\" data-animationOffset=\"top-into-view\"><div class=\"heading heading-with-icon icon-left\"><div class=\"icon\" style=\"-webkit-animation-duration: 500ms;animation-duration: 500ms;\"><span ><i style=\"background-color:transparent;border-color:transparent;height:auto;width: 48px;line-height:normal;font-size:48px;\" aria-hidden=\"true\" class=\"fontawesome-icon fa-money-check-alt fas circle-no\"><\/i><\/span><\/div><h4 class=\"content-box-heading fusion-responsive-typography-calculated\" style=\"--h4_typography-font-size:24px;--fontSize:24;line-height:1.42;padding-left:68px;\">Pr\u00e9paration des ch\u00e8ques des comptes cr\u00e9diteurs<\/h4><\/div><div class=\"fusion-clearfix\"><\/div><div class=\"content-container\">L\u2019efficacit\u00e9 dans la gestion des comptes payables est vitale pour toute entreprise. Notre service de logiciel comprend une pr\u00e9paration m\u00e9ticuleuse des ch\u00e8ques des comptes cr\u00e9diteurs, garantissant que vos fournisseurs et partenaires sont pay\u00e9s avec pr\u00e9cision et \u00e0 temps, favorisant ainsi la confiance et la fiabilit\u00e9 dans vos relations commerciales.<\/div><\/div><\/div><div style=\"--awb-backgroundcolor:rgba(255,255,255,0);--awb-content-padding-left:68px;\" class=\"fusion-column content-box-column content-box-column content-box-column-4 col-lg-12 col-md-12 col-sm-12 fusion-content-box-hover content-box-column-last-in-row\"><div class=\"col content-box-wrapper content-wrapper link-area-link-icon content-icon-wrapper-yes icon-hover-animation-fade\" data-animationOffset=\"top-into-view\"><div class=\"heading heading-with-icon icon-left\"><div class=\"icon\" style=\"-webkit-animation-duration: 500ms;animation-duration: 500ms;\"><span ><i style=\"background-color:transparent;border-color:transparent;height:auto;width: 48px;line-height:normal;font-size:48px;\" aria-hidden=\"true\" class=\"fontawesome-icon fa-dollar-sign fas circle-no\"><\/i><\/span><\/div><h4 class=\"content-box-heading fusion-responsive-typography-calculated\" style=\"--h4_typography-font-size:24px;--fontSize:24;line-height:1.42;padding-left:68px;\">Pr\u00e9paration des factures de ventes<\/h4><\/div><div class=\"fusion-clearfix\"><\/div><div class=\"content-container\">La cr\u00e9ation et la gestion des factures de vente peuvent prendre beaucoup de temps. Nos services de logiciels organisent ce processus, permettant une pr\u00e9paration efficace des factures de vente, ce qui contribue \u00e0 un flux de transactions plus fluide et \u00e0 une meilleure satisfaction client.<\/div><\/div><\/div><div style=\"--awb-backgroundcolor:rgba(255,255,255,0);--awb-content-padding-left:68px;\" class=\"fusion-column content-box-column content-box-column content-box-column-5 col-lg-12 col-md-12 col-sm-12 fusion-content-box-hover content-box-column-last-in-row\"><div class=\"col content-box-wrapper content-wrapper link-area-link-icon content-icon-wrapper-yes icon-hover-animation-fade\" data-animationOffset=\"top-into-view\"><div class=\"heading heading-with-icon icon-left\"><div class=\"icon\" style=\"-webkit-animation-duration: 500ms;animation-duration: 500ms;\"><span ><i style=\"background-color:transparent;border-color:transparent;height:auto;width: 48px;line-height:normal;font-size:48px;\" aria-hidden=\"true\" class=\"fontawesome-icon fa-file-invoice-dollar fas circle-no\"><\/i><\/span><\/div><h4 class=\"content-box-heading fusion-responsive-typography-calculated\" style=\"--h4_typography-font-size:24px;--fontSize:24;line-height:1.42;padding-left:68px;\">Remises de taxes (TPS, TVQ, TVH)<\/h4><\/div><div class=\"fusion-clearfix\"><\/div><div class=\"content-container\">\n<p>Nous traitons les complexit\u00e9s des remises de taxes, notamment les d\u00e9ductions \u00e0 la source, la TPS, la TVQ, la TVH, et les taxes corporatives provinciales et f\u00e9d\u00e9rales. Nos logiciels garantissent des soumissions et des versements pr\u00e9cis et aux dates limites, gardant votre entreprise conforme aux r\u00e8glementations fiscales provinciales et f\u00e9d\u00e9rales.<\/p>\n<\/div><\/div><\/div><div style=\"--awb-backgroundcolor:rgba(255,255,255,0);--awb-content-padding-left:68px;\" class=\"fusion-column content-box-column content-box-column content-box-column-6 col-lg-12 col-md-12 col-sm-12 fusion-content-box-hover content-box-column-last-in-row\"><div class=\"col content-box-wrapper content-wrapper link-area-link-icon content-icon-wrapper-yes icon-hover-animation-fade\" data-animationOffset=\"top-into-view\"><div class=\"heading heading-with-icon icon-left\"><div class=\"icon\" style=\"-webkit-animation-duration: 500ms;animation-duration: 500ms;\"><span ><i style=\"background-color:transparent;border-color:transparent;height:auto;width: 48px;line-height:normal;font-size:48px;\" aria-hidden=\"true\" class=\"fontawesome-icon fa-hand-holding-usd fas circle-no\"><\/i><\/span><\/div><h4 class=\"content-box-heading fusion-responsive-typography-calculated\" style=\"--h4_typography-font-size:24px;--fontSize:24;line-height:1.42;padding-left:68px;\">Tarification transparente<\/h4><\/div><div class=\"fusion-clearfix\"><\/div><div class=\"content-container\">Notre mod\u00e8le de tarification est bas\u00e9 sur le volume de transactions et sur les taux horaires, offrant une transparence et une pr\u00e9visibilit\u00e9 des co\u00fbts. Il est important de noter que nos clients ne doivent pas subir le co\u00fbt r\u00e9sultant de la fluctuation de la productivit\u00e9 de nos employ\u00e9s, garantissant ainsi que vous ne payez que pour les services efficacement re\u00e7us.<\/div><\/div><\/div><div style=\"--awb-backgroundcolor:rgba(255,255,255,0);--awb-content-padding-left:68px;\" class=\"fusion-column content-box-column content-box-column content-box-column-7 col-lg-12 col-md-12 col-sm-12 fusion-content-box-hover content-box-column-last content-box-column-last-in-row\"><div class=\"col content-box-wrapper content-wrapper link-area-link-icon content-icon-wrapper-yes icon-hover-animation-fade\" data-animationOffset=\"top-into-view\"><div class=\"heading heading-with-icon icon-left\"><div class=\"icon\" style=\"-webkit-animation-duration: 500ms;animation-duration: 500ms;\"><span ><i style=\"background-color:transparent;border-color:transparent;height:auto;width: 48px;line-height:normal;font-size:48px;\" aria-hidden=\"true\" class=\"fontawesome-icon fa-user-check fas circle-no\"><\/i><\/span><\/div><h4 class=\"content-box-heading fusion-responsive-typography-calculated\" style=\"--h4_typography-font-size:24px;--fontSize:24;line-height:1.42;padding-left:68px;\">Commodit\u00e9 et accessibilit\u00e9<\/h4><\/div><div class=\"fusion-clearfix\"><\/div><div class=\"content-container\">pour r\u00e9pondre aux besoins de vos op\u00e9rations commerciales, nous offrons la flexibilit\u00e9 des services <b>sur place, ainsi que les options de prise en charge de ramassage et de livraison et des transferts num\u00e9riques.<\/b> Cette adaptabilit\u00e9 garantit que nos services de logiciels s&rsquo;int\u00e8grent parfaitement \u00e0 votre entreprise, quel que soit votre emplacement dans la r\u00e9gion de Montr\u00e9al.<\/div><\/div><\/div><div class=\"fusion-clearfix\"><\/div><\/div><\/div><\/div><\/div><\/div><\/p>\n","protected":false},"excerpt":{"rendered":"","protected":false},"author":1,"featured_media":2458,"parent":0,"menu_order":0,"comment_status":"closed","ping_status":"closed","template":"100-width.php","meta":{"footnotes":""},"class_list":["post-2522","page","type-page","status-publish","has-post-thumbnail","hentry"],"_links":{"self":[{"href":"https:\/\/infocplus.com\/fr\/wp-json\/wp\/v2\/pages\/2522","targetHints":{"allow":["GET"]}}],"collection":[{"href":"https:\/\/infocplus.com\/fr\/wp-json\/wp\/v2\/pages"}],"about":[{"href":"https:\/\/infocplus.com\/fr\/wp-json\/wp\/v2\/types\/page"}],"author":[{"embeddable":true,"href":"https:\/\/infocplus.com\/fr\/wp-json\/wp\/v2\/users\/1"}],"replies":[{"embeddable":true,"href":"https:\/\/infocplus.com\/fr\/wp-json\/wp\/v2\/comments?post=2522"}],"version-history":[{"count":0,"href":"https:\/\/infocplus.com\/fr\/wp-json\/wp\/v2\/pages\/2522\/revisions"}],"wp:featuredmedia":[{"embeddable":true,"href":"https:\/\/infocplus.com\/fr\/wp-json\/wp\/v2\/media\/2458"}],"wp:attachment":[{"href":"https:\/\/infocplus.com\/fr\/wp-json\/wp\/v2\/media?parent=2522"}],"curies":[{"name":"wp","href":"https:\/\/api.w.org\/{rel}","templated":true}]}}