{"id":2518,"date":"2020-09-15T22:13:33","date_gmt":"2020-09-15T22:13:33","guid":{"rendered":"https:\/\/infocplus.com\/new2\/personnelle\/"},"modified":"2024-08-05T21:38:28","modified_gmt":"2024-08-05T21:38:28","slug":"personnelle","status":"publish","type":"page","link":"https:\/\/infocplus.com\/fr\/personnelle\/","title":{"rendered":"Personnelle"},"content":{"rendered":"<p><div class=\"fusion-fullwidth fullwidth-box fusion-builder-row-1 fusion-flex-container nonhundred-percent-fullwidth non-hundred-percent-height-scrolling\" style=\"--awb-border-radius-top-left:0px;--awb-border-radius-top-right:0px;--awb-border-radius-bottom-right:0px;--awb-border-radius-bottom-left:0px;--awb-padding-top:42px;--awb-padding-bottom:30px;--awb-padding-top-medium:24px;--awb-padding-top-small:20px;--awb-margin-top:0px;--awb-margin-bottom:0px;--awb-background-image:linear-gradient(360deg, var(--awb-color2) 14%,var(--awb-color1) 14%);--awb-flex-wrap:wrap;\" ><div class=\"fusion-builder-row fusion-row fusion-flex-align-items-stretch fusion-flex-justify-content-center fusion-flex-content-wrap\" style=\"max-width:1310.4px;margin-left: calc(-4% \/ 2 );margin-right: calc(-4% \/ 2 );\"><div class=\"fusion-layout-column fusion_builder_column fusion-builder-column-0 fusion_builder_column_1_2 1_2 fusion-flex-column\" style=\"--awb-bg-size:cover;--awb-width-large:50%;--awb-margin-top-large:20px;--awb-spacing-right-large:11.52%;--awb-margin-bottom-large:68px;--awb-spacing-left-large:3.84%;--awb-width-medium:50%;--awb-order-medium:0;--awb-margin-top-medium:20px;--awb-spacing-right-medium:3.84%;--awb-margin-bottom-medium:20px;--awb-spacing-left-medium:3.84%;--awb-width-small:100%;--awb-order-small:0;--awb-margin-top-small:20px;--awb-spacing-right-small:1.92%;--awb-spacing-left-small:1.92%;\"><div class=\"fusion-column-wrapper fusion-column-has-shadow fusion-flex-justify-content-center fusion-content-layout-column\"><div class=\"fusion-title title fusion-title-1 fusion-sep-none fusion-title-text fusion-title-size-four\" style=\"--awb-text-color:var(--awb-color7);--awb-margin-top:0px;--awb-margin-bottom:8px;--awb-margin-bottom-small:0px;\"><h4 class=\"fusion-title-heading title-heading-left fusion-responsive-typography-calculated\" style=\"margin:0;--fontSize:24;--minFontSize:24;line-height:1.42;\">Personnelle<\/h4><\/div><div class=\"fusion-title title fusion-title-2 fusion-sep-none fusion-title-text fusion-title-size-one\" style=\"--awb-margin-bottom-small:0px;--awb-font-size:47px;\"><h1 class=\"fusion-title-heading title-heading-left fusion-responsive-typography-calculated\" style=\"margin:0;font-size:1em;--fontSize:47;line-height:var(--awb-typography1-line-height);\">Comptabilit\u00e9 personnelle<\/h1><\/div><div class=\"fusion-text fusion-text-1\" style=\"--awb-font-size:22px;--awb-line-height:36px;--awb-text-color:var(--awb-custom1);\"><p>Nous sommes sp\u00e9cialis\u00e9s dans les services de comptabilit\u00e9 personnelle, offrant une planification fiscale sur mesure, une pr\u00e9paration efficace de <a href=\"https:\/\/infocplus.com\/fr\/declarations-de-revenus-federale-et-quebecoise\/\">d\u00e9clarations de revenus<\/a> et des conseils financiers experts, y compris des solutions pour les contributions de <a href=\"https:\/\/infocplus.com\/fr\/maximiser-vos-reer-et-reduire-limpot-au-quebec\/\">REER<\/a> et pour les choix hypoth\u00e9caires.<\/p>\n<\/div><\/div><\/div><div class=\"fusion-layout-column fusion_builder_column fusion-builder-column-1 fusion_builder_column_1_2 1_2 fusion-flex-column\" style=\"--awb-bg-size:cover;--awb-width-large:50%;--awb-margin-top-large:20px;--awb-spacing-right-large:3.84%;--awb-margin-bottom-large:20px;--awb-spacing-left-large:7.68%;--awb-width-medium:50%;--awb-order-medium:0;--awb-spacing-right-medium:3.84%;--awb-spacing-left-medium:7.68%;--awb-width-small:100%;--awb-order-small:0;--awb-spacing-right-small:1.92%;--awb-spacing-left-small:3.84%;\"><div class=\"fusion-column-wrapper fusion-column-has-shadow fusion-flex-justify-content-flex-start fusion-content-layout-column\"><div class=\"fusion-image-element \" style=\"text-align:center;--awb-caption-title-font-family:var(--h2_typography-font-family);--awb-caption-title-font-weight:var(--h2_typography-font-weight);--awb-caption-title-font-style:var(--h2_typography-font-style);--awb-caption-title-size:var(--h2_typography-font-size);--awb-caption-title-transform:var(--h2_typography-text-transform);--awb-caption-title-line-height:var(--h2_typography-line-height);--awb-caption-title-letter-spacing:var(--h2_typography-letter-spacing);\"><span class=\" fusion-imageframe imageframe-none imageframe-1 hover-type-none\" style=\"border-radius:12px;\"><img decoding=\"async\" width=\"2560\" height=\"1707\" title=\"info c plus accounting\" src=\"https:\/\/infocplus.com\/wp-content\/uploads\/2024\/02\/info-c-plus-accounting-scaled.jpg\" data-orig-src=\"https:\/\/infocplus.com\/wp-content\/uploads\/2024\/02\/info-c-plus-accounting-scaled.jpg\" alt class=\"lazyload img-responsive wp-image-2499\" srcset=\"data:image\/svg+xml,%3Csvg%20xmlns%3D%27http%3A%2F%2Fwww.w3.org%2F2000%2Fsvg%27%20width%3D%272560%27%20height%3D%271707%27%20viewBox%3D%270%200%202560%201707%27%3E%3Crect%20width%3D%272560%27%20height%3D%271707%27%20fill-opacity%3D%220%22%2F%3E%3C%2Fsvg%3E\" data-srcset=\"https:\/\/infocplus.com\/wp-content\/uploads\/2024\/02\/info-c-plus-accounting-200x133.jpg 200w, https:\/\/infocplus.com\/wp-content\/uploads\/2024\/02\/info-c-plus-accounting-400x267.jpg 400w, https:\/\/infocplus.com\/wp-content\/uploads\/2024\/02\/info-c-plus-accounting-600x400.jpg 600w, https:\/\/infocplus.com\/wp-content\/uploads\/2024\/02\/info-c-plus-accounting-800x533.jpg 800w, https:\/\/infocplus.com\/wp-content\/uploads\/2024\/02\/info-c-plus-accounting-1200x800.jpg 1200w, https:\/\/infocplus.com\/wp-content\/uploads\/2024\/02\/info-c-plus-accounting-scaled.jpg 2560w\" data-sizes=\"auto\" data-orig-sizes=\"(max-width: 640px) 100vw, 600px\" \/><\/span><\/div><\/div><\/div><\/div><\/div><div class=\"fusion-fullwidth fullwidth-box fusion-builder-row-2 fusion-flex-container nonhundred-percent-fullwidth non-hundred-percent-height-scrolling\" style=\"--awb-border-radius-top-left:0px;--awb-border-radius-top-right:0px;--awb-border-radius-bottom-right:0px;--awb-border-radius-bottom-left:0px;--awb-padding-top:80px;--awb-padding-bottom:80px;--awb-padding-top-medium:48px;--awb-padding-bottom-medium:48px;--awb-padding-top-small:20px;--awb-padding-bottom-small:40px;--awb-background-color:var(--awb-color2);--awb-flex-wrap:wrap;\" ><div class=\"fusion-builder-row fusion-row fusion-flex-align-items-flex-start fusion-flex-justify-content-center fusion-flex-content-wrap\" style=\"max-width:1310.4px;margin-left: calc(-4% \/ 2 );margin-right: calc(-4% \/ 2 );\"><div class=\"fusion-layout-column fusion_builder_column fusion-builder-column-2 fusion_builder_column_1_1 1_1 fusion-flex-column\" style=\"--awb-bg-size:cover;--awb-width-large:100%;--awb-margin-top-large:20px;--awb-spacing-right-large:4.8%;--awb-margin-bottom-large:20px;--awb-spacing-left-large:8.64%;--awb-width-medium:100%;--awb-order-medium:0;--awb-spacing-right-medium:3.84%;--awb-spacing-left-medium:3.84%;--awb-width-small:100%;--awb-order-small:0;--awb-spacing-right-small:1.92%;--awb-margin-bottom-small:0px;--awb-spacing-left-small:1.92%;\"><div class=\"fusion-column-wrapper fusion-column-has-shadow fusion-flex-justify-content-flex-start fusion-content-layout-column\"><div class=\"fusion-content-boxes content-boxes columns row fusion-columns-1 fusion-columns-total-4 fusion-content-boxes-1 content-boxes-icon-on-side content-left fusion-delayed-animation\" style=\"--awb-margin-top:0px;--awb-margin-bottom:0px;--awb-hover-accent-color:var(--awb-color7);--awb-circle-hover-accent-color:transparent;--awb-item-margin-bottom:40px;\" data-animation-delay=\"500\" data-animationOffset=\"top-into-view\"><div style=\"--awb-backgroundcolor:rgba(255,255,255,0);--awb-content-padding-left:68px;\" class=\"fusion-column content-box-column content-box-column content-box-column-1 col-lg-12 col-md-12 col-sm-12 fusion-content-box-hover content-box-column-last-in-row\"><div class=\"col content-box-wrapper content-wrapper link-area-link-icon content-icon-wrapper-yes icon-hover-animation-fade\" data-animationOffset=\"top-into-view\"><div class=\"heading heading-with-icon icon-left\"><div class=\"icon\" style=\"-webkit-animation-duration: 500ms;animation-duration: 500ms;\"><span ><i style=\"background-color:transparent;border-color:transparent;height:auto;width: 48px;line-height:normal;font-size:48px;\" aria-hidden=\"true\" class=\"fontawesome-icon icon-accountant-money circle-no\"><\/i><\/span><\/div><h4 class=\"content-box-heading fusion-responsive-typography-calculated\" style=\"--h4_typography-font-size:24px;--fontSize:24;line-height:1.42;padding-left:68px;\">Pr\u00e9paration de l&apos;imp\u00f4t sur le revenu<\/h4><\/div><div class=\"fusion-clearfix\"><\/div><div class=\"content-container\">Pr\u00e9parer vos d\u00e9clarations de revenus au Qu\u00e9bec ne doit pas \u00eatre une t\u00e2che ardue. Nos comptables qualifi\u00e9s savent simplifier le processus de d\u00e9claration de revenus pour les r\u00e9sidents de Montr\u00e9al. Nous offrons des services complets de pr\u00e9paration de d\u00e9clarations de revenus, garantissant l\u2019exactitude et la conformit\u00e9 aux normes de l\u2019ARC, et du minist\u00e8re du Revenu du Qu\u00e9bec. Que vous soyez un particulier ayant des besoins fiscaux simples ou confront\u00e9 \u00e0 des sc\u00e9narios financiers complexes, notre \u00e9quipe a l&rsquo;expertise pour g\u00e9rer tous les aspects pour la pr\u00e9paration de vos d\u00e9clarations de revenus. Nous nous concentrons sur la maximisation de vos rendements et la minimisation de votre fardeau fiscal, tout en offrant une exp\u00e9rience sans stress.<\/div><\/div><\/div><div style=\"--awb-backgroundcolor:rgba(255,255,255,0);--awb-content-padding-left:68px;\" class=\"fusion-column content-box-column content-box-column content-box-column-2 col-lg-12 col-md-12 col-sm-12 fusion-content-box-hover content-box-column-last-in-row\"><div class=\"col content-box-wrapper content-wrapper link-area-link-icon content-icon-wrapper-yes icon-hover-animation-fade\" data-animationOffset=\"top-into-view\"><div class=\"heading heading-with-icon icon-left\"><div class=\"icon\" style=\"-webkit-animation-duration: 500ms;animation-duration: 500ms;\"><span ><i style=\"background-color:transparent;border-color:transparent;height:auto;width: 48px;line-height:normal;font-size:48px;\" aria-hidden=\"true\" class=\"fontawesome-icon icon-accountant-calculator circle-no\"><\/i><\/span><\/div><h4 class=\"content-box-heading fusion-responsive-typography-calculated\" style=\"--h4_typography-font-size:24px;--fontSize:24;line-height:1.42;padding-left:68px;\">Financement et hypoth\u00e8ques<\/h4><\/div><div class=\"fusion-clearfix\"><\/div><div class=\"content-container\">\n<p>Obtenir les bonnes solutions de financement et de pr\u00eat hypoth\u00e9caire sur le march\u00e9 dynamique de Montr\u00e9al peut avoir un impact significatif sur votre bien-\u00eatre financier. Nos services vont au-del\u00e0 de la comptabilit\u00e9 traditionnelle, en vous guide \u00e0 naviguer \u00e0 travers les nuances et les options de financement et des choix hypoth\u00e9caires disponibles au Qu\u00e9bec. De l\u2019\u00e9valuation de votre sant\u00e9 financi\u00e8re \u00e0 la n\u00e9gociation des meilleures conditions, nous sommes \u00e0 vos c\u00f4t\u00e9s. Notre objectif est de trouver des solutions adapt\u00e9es \u00e0 vos objectifs personnels, que vous achetiez votre premi\u00e8re maison, investissiez dans l&rsquo;immobilier ou refinanciez des pr\u00eats existants. Nous collaborons avec des pr\u00eateurs r\u00e9put\u00e9s et utilisons notre expertise du march\u00e9 local pour vous proposer des strat\u00e9gies de financement avantageuses.<\/p>\n<\/div><\/div><\/div><div style=\"--awb-backgroundcolor:rgba(255,255,255,0);--awb-content-padding-left:68px;\" class=\"fusion-column content-box-column content-box-column content-box-column-3 col-lg-12 col-md-12 col-sm-12 fusion-content-box-hover content-box-column-last-in-row\"><div class=\"col content-box-wrapper content-wrapper link-area-link-icon content-icon-wrapper-yes icon-hover-animation-fade\" data-animationOffset=\"top-into-view\"><div class=\"heading heading-with-icon icon-left\"><div class=\"icon\" style=\"-webkit-animation-duration: 500ms;animation-duration: 500ms;\"><span ><i style=\"background-color:transparent;border-color:transparent;height:auto;width: 48px;line-height:normal;font-size:48px;\" aria-hidden=\"true\" class=\"fontawesome-icon icon-accountant-docs circle-no\"><\/i><\/span><\/div><h4 class=\"content-box-heading fusion-responsive-typography-calculated\" style=\"--h4_typography-font-size:24px;--fontSize:24;line-height:1.42;padding-left:68px;\">Planification fiscale personnelle et successorale<\/h4><\/div><div class=\"fusion-clearfix\"><\/div><div class=\"content-container\">\n<p>Naviguer dans les complexit\u00e9s de la planification fiscale personnelle et successorale \u00e0 Montr\u00e9al peut \u00eatre un d\u00e9fi. Notre \u00e9quipe d\u2019experts est sp\u00e9cialis\u00e9e dans l\u2019\u00e9laboration de strat\u00e9gies fiscales personnalis\u00e9es qui correspondent \u00e0 vos objectifs financiers uniques. Que vous cherchiez \u00e0 optimiser vos imp\u00f4ts personnels ou \u00e0 assurer un transfert en douceur de votre succession, nous proposons des solutions compl\u00e8tes adapt\u00e9es aux r\u00e9gimes fiscaux provincial et f\u00e9d\u00e9ral. En restant au courant des derni\u00e8res <a href=\"https:\/\/infocplus.com\/fr\/s-adapter-aux-nouvelles-lois-fiscales-qc-2025\/\">lois fiscales<\/a> et en tirant parti de notre compr\u00e9hension approfondie des r\u00e9glementations locales, nous fournissons des conseils de planification successorale de premier ordre, vous aidant \u00e0 minimiser vos dettes et \u00e0 maximiser votre h\u00e9ritage financier.<\/p>\n<\/div><\/div><\/div><div style=\"--awb-backgroundcolor:rgba(255,255,255,0);--awb-content-padding-left:68px;\" class=\"fusion-column content-box-column content-box-column content-box-column-4 col-lg-12 col-md-12 col-sm-12 fusion-content-box-hover content-box-column-last content-box-column-last-in-row\"><div class=\"col content-box-wrapper content-wrapper link-area-link-icon content-icon-wrapper-yes icon-hover-animation-fade\" data-animationOffset=\"top-into-view\"><div class=\"heading heading-with-icon icon-left\"><div class=\"icon\" style=\"-webkit-animation-duration: 500ms;animation-duration: 500ms;\"><span ><i style=\"background-color:transparent;border-color:transparent;height:auto;width: 48px;line-height:normal;font-size:48px;\" aria-hidden=\"true\" class=\"fontawesome-icon icon-accountant-customers circle-no\"><\/i><\/span><\/div><h4 class=\"content-box-heading fusion-responsive-typography-calculated\" style=\"--h4_typography-font-size:24px;--fontSize:24;line-height:1.42;padding-left:68px;\">Planification financi\u00e8re et REER<\/h4><\/div><div class=\"fusion-clearfix\"><\/div><div class=\"content-container\">Une <a href=\"https:\/\/infocplus.com\/fr\/planification-financiere-101-preparer-entreprise\/\">planification financi\u00e8re<\/a> efficace est essentielle pour parvenir \u00e0 la richesse et \u00e0 la s\u00e9curit\u00e9 \u00e0 long terme. \u00c0 Montr\u00e9al, o\u00f9 les paysages financiers sont en constante \u00e9volution, nos services-conseils sont con\u00e7us pour vous guider vers la prosp\u00e9rit\u00e9 financi\u00e8re. Nous nous sp\u00e9cialisons dans l\u2019\u00e9laboration de plans financiers personnalis\u00e9s, y compris des strat\u00e9gies REER robustes, adapt\u00e9es aux besoins uniques des r\u00e9sidents du Qu\u00e9bec. Notre approche consiste \u00e0 comprendre vos objectifs financiers, \u00e0 \u00e9valuer les risques et \u00e0 cr\u00e9er une feuille de route pour votre avenir financier. Nous mettons l&rsquo;accent sur les placements de REER, vous aidant ainsi \u00e0 tirer parti d&rsquo;une \u00e9pargne fiscalement avantageuse pour la retraite, vous assurant ainsi d&rsquo;\u00eatre bien plac\u00e9 pour profiter d&rsquo;un avenir confortable et s\u00fbr.<\/div><\/div><\/div><div class=\"fusion-clearfix\"><\/div><\/div><\/div><\/div><\/div><\/div><\/p>\n","protected":false},"excerpt":{"rendered":"","protected":false},"author":1,"featured_media":2460,"parent":0,"menu_order":0,"comment_status":"closed","ping_status":"closed","template":"100-width.php","meta":{"footnotes":""},"class_list":["post-2518","page","type-page","status-publish","has-post-thumbnail","hentry"],"_links":{"self":[{"href":"https:\/\/infocplus.com\/fr\/wp-json\/wp\/v2\/pages\/2518","targetHints":{"allow":["GET"]}}],"collection":[{"href":"https:\/\/infocplus.com\/fr\/wp-json\/wp\/v2\/pages"}],"about":[{"href":"https:\/\/infocplus.com\/fr\/wp-json\/wp\/v2\/types\/page"}],"author":[{"embeddable":true,"href":"https:\/\/infocplus.com\/fr\/wp-json\/wp\/v2\/users\/1"}],"replies":[{"embeddable":true,"href":"https:\/\/infocplus.com\/fr\/wp-json\/wp\/v2\/comments?post=2518"}],"version-history":[{"count":0,"href":"https:\/\/infocplus.com\/fr\/wp-json\/wp\/v2\/pages\/2518\/revisions"}],"wp:featuredmedia":[{"embeddable":true,"href":"https:\/\/infocplus.com\/fr\/wp-json\/wp\/v2\/media\/2460"}],"wp:attachment":[{"href":"https:\/\/infocplus.com\/fr\/wp-json\/wp\/v2\/media?parent=2518"}],"curies":[{"name":"wp","href":"https:\/\/api.w.org\/{rel}","templated":true}]}}