{"id":2511,"date":"2020-08-20T17:52:24","date_gmt":"2020-08-20T17:52:24","guid":{"rendered":"https:\/\/infocplus.com\/new2\/ressources\/"},"modified":"2024-03-06T16:35:50","modified_gmt":"2024-03-06T16:35:50","slug":"ressources","status":"publish","type":"page","link":"https:\/\/infocplus.com\/fr\/ressources\/","title":{"rendered":"Ressources"},"content":{"rendered":"<p><div class=\"fusion-fullwidth fullwidth-box fusion-builder-row-1 fusion-flex-container has-pattern-background has-mask-background nonhundred-percent-fullwidth non-hundred-percent-height-scrolling\" style=\"--awb-border-radius-top-left:0px;--awb-border-radius-top-right:0px;--awb-border-radius-bottom-right:0px;--awb-border-radius-bottom-left:0px;--awb-padding-top:0px;--awb-padding-bottom:0px;--awb-flex-wrap:wrap;\" ><div class=\"fusion-builder-row fusion-row fusion-flex-align-items-flex-start fusion-flex-content-wrap\" style=\"max-width:1310.4px;margin-left: calc(-4% \/ 2 );margin-right: calc(-4% \/ 2 );\"><div class=\"fusion-layout-column fusion_builder_column fusion-builder-column-0 fusion_builder_column_1_1 1_1 fusion-flex-column\" style=\"--awb-bg-size:cover;--awb-width-large:100%;--awb-margin-top-large:20px;--awb-spacing-right-large:1.92%;--awb-margin-bottom-large:20px;--awb-spacing-left-large:1.92%;--awb-width-medium:100%;--awb-order-medium:0;--awb-spacing-right-medium:1.92%;--awb-spacing-left-medium:1.92%;--awb-width-small:100%;--awb-order-small:0;--awb-spacing-right-small:1.92%;--awb-spacing-left-small:1.92%;\"><div class=\"fusion-column-wrapper fusion-column-has-shadow fusion-flex-justify-content-flex-start fusion-content-layout-column\"><div class=\"fusion-title title fusion-title-1 fusion-sep-none fusion-title-center fusion-title-text fusion-title-size-one\" style=\"--awb-margin-bottom-small:0px;--awb-font-size:47px;\"><h1 class=\"fusion-title-heading title-heading-center fusion-responsive-typography-calculated\" style=\"margin:0;font-size:1em;--fontSize:47;line-height:var(--awb-typography1-line-height);\">Ressources<\/h1><\/div><\/div><\/div><\/div><\/div><div class=\"fusion-fullwidth fullwidth-box fusion-builder-row-2 fusion-flex-container has-pattern-background has-mask-background nonhundred-percent-fullwidth non-hundred-percent-height-scrolling\" style=\"--awb-border-radius-top-left:0px;--awb-border-radius-top-right:0px;--awb-border-radius-bottom-right:0px;--awb-border-radius-bottom-left:0px;--awb-padding-top:0px;--awb-flex-wrap:wrap;\" ><div class=\"fusion-builder-row fusion-row fusion-flex-align-items-flex-start fusion-flex-content-wrap\" style=\"max-width:1310.4px;margin-left: calc(-4% \/ 2 );margin-right: calc(-4% \/ 2 );\"><div class=\"fusion-layout-column fusion_builder_column fusion-builder-column-1 fusion_builder_column_1_1 1_1 fusion-flex-column\" style=\"--awb-bg-size:cover;--awb-width-large:100%;--awb-margin-top-large:20px;--awb-spacing-right-large:1.92%;--awb-margin-bottom-large:20px;--awb-spacing-left-large:1.92%;--awb-width-medium:100%;--awb-order-medium:0;--awb-spacing-right-medium:1.92%;--awb-spacing-left-medium:1.92%;--awb-width-small:100%;--awb-order-small:0;--awb-spacing-right-small:1.92%;--awb-spacing-left-small:1.92%;\"><div class=\"fusion-column-wrapper fusion-column-has-shadow fusion-flex-justify-content-flex-start fusion-content-layout-column\"><div class=\"fusion-title title fusion-title-2 fusion-title-text fusion-title-size-one\"><div class=\"title-sep-container title-sep-container-left fusion-no-large-visibility fusion-no-medium-visibility fusion-no-small-visibility\"><div class=\"title-sep sep-single sep-solid\" style=\"border-color:var(--awb-color3);\"><\/div><\/div><span class=\"awb-title-spacer fusion-no-large-visibility fusion-no-medium-visibility fusion-no-small-visibility\"><\/span><h1 class=\"fusion-title-heading title-heading-left fusion-responsive-typography-calculated\" style=\"margin:0;--fontSize:60;line-height:var(--awb-typography1-line-height);\">Canada<\/h1><span class=\"awb-title-spacer\"><\/span><div class=\"title-sep-container title-sep-container-right\"><div class=\"title-sep sep-single sep-solid\" style=\"border-color:var(--awb-color3);\"><\/div><\/div><\/div>\n<div class=\"table-2\">\n<table width=\"100%\">\n<thead>\n<tr>\n<th align=\"left\">Agence<\/th>\n<th align=\"left\">Site Web<\/th>\n<th align=\"left\">&nbsp;<\/th>\n<th align=\"left\">T\u00e9l\u00e9phone <\/th>\n<\/tr>\n<\/thead>\n<tbody>\n<tr>\n<td align=\"left\">Agence du revenu du Canada<\/td>\n<td align=\"left\"><span class=\"css3_grid_vertical_align_table\"><span class=\"css3_grid_vertical_align\"><a href=\"http:\/\/www.cra-arc.gc.ca\/\" target=\"_blank\" rel=\"noopener\">www.cra-arc.gc.ca<\/a><\/span><\/span><\/td>\n<td align=\"left\">\n<p><span class=\"css3_grid_vertical_align_table\"><span class=\"css3_grid_vertical_align\">Entreprises et travailleurs ind\u00e9pendants<\/span><\/span><\/p>\n<p class=\"p1\">Individus<\/p>\n<\/td>\n<td align=\"left\">\n<p><a href=\"tel:1-800-959-7775\"><span class=\"css3_grid_vertical_align_table\"><span class=\"css3_grid_vertical_align\">1-800-959-7775<\/span><\/span><\/a><\/p>\n<p class=\"p1\"><a href=\"tel:1-800-959-7383\">1-800-959-7383<\/a><\/p>\n<\/td>\n<\/tr>\n<tr>\n<td align=\"left\"><span class=\"css3_grid_vertical_align_table\"><span class=\"css3_grid_vertical_align\">Minist\u00e8re des Finances Canada<\/span><\/span><\/td>\n<td align=\"left\"><span class=\"css3_grid_vertical_align_table\"><span class=\"css3_grid_vertical_align\"><a href=\"http:\/\/www.fin.gc.ca\/\" target=\"_blank\" rel=\"noopener\">www.fin.gc.ca<\/a><\/span><\/span><\/td>\n<td align=\"left\"><span class=\"css3_grid_vertical_align_table\"><span class=\"css3_grid_vertical_align\">Informations g\u00e9n\u00e9rales<\/span><\/span><\/td>\n<td align=\"left\"><a href=\"tel:613-992-1573\"><span class=\"css3_grid_vertical_align_table\"><span class=\"css3_grid_vertical_align\">-992-1573<\/span><\/span><\/a><\/td>\n<\/tr>\n<tr>\n<td align=\"left\"><span class=\"css3_grid_vertical_align_table\"><span class=\"css3_grid_vertical_align\">Banque du Canada<\/span><\/span><\/td>\n<td align=\"left\"><span class=\"css3_grid_vertical_align_table\"><span class=\"css3_grid_vertical_align\"><a href=\"http:\/\/www.banqueducanada.ca\/\" target=\"_blank\" rel=\"noopener\">www.banqueducanada.ca<\/a><\/span><\/span><\/td>\n<td align=\"left\"><span class=\"css3_grid_vertical_align_table\"><span class=\"css3_grid_vertical_align\">Informations g\u00e9n\u00e9rales<\/span><\/span><\/td>\n<td align=\"left\">\n<p class=\"p1\"><a href=\"tel:1-800-303-1282\">1-800-303-1282<\/a><\/p>\n<\/td>\n<\/tr>\n<tr>\n<td align=\"left\">\n<p class=\"p1\">Institut canadien d&rsquo;information juridique<\/p>\n<\/td>\n<td align=\"left\"><span class=\"css3_grid_vertical_align_table\"><span class=\"css3_grid_vertical_align\"><a href=\"http:\/\/www.canlii.org\/\" target=\"_blank\" rel=\"noopener\">www.canlii.org<\/a><\/span><\/span><\/td>\n<td style=\"text-align: left;\" align=\"left\">&#8211;<\/td>\n<td style=\"text-align: left;\" align=\"left\">&#8211;<\/td>\n<\/tr>\n<tr>\n<td align=\"left\"><span class=\"css3_grid_vertical_align_table\"><span class=\"css3_grid_vertical_align\">Service Canada (Assurance-emploi)<\/span><\/span><\/td>\n<td align=\"left\"><span class=\"css3_grid_vertical_align_table\"><span class=\"css3_grid_vertical_align\"><a href=\"http:\/\/www.servicecanada.gc.ca\/\" target=\"_blank\" rel=\"noopener\">www.servicecanada.gc.ca<\/a><\/span><\/span><\/td>\n<td align=\"left\"><span class=\"css3_grid_vertical_align_table\"><span class=\"css3_grid_vertical_align\">Informations g\u00e9n\u00e9rales<\/span><\/span><\/td>\n<td align=\"left\"><a href=\"tel:1-800-622-6232\"><span class=\"css3_grid_vertical_align_table\"><span class=\"css3_grid_vertical_align\">1-800-622-6232<\/span><\/span><\/a><\/td>\n<\/tr>\n<tr>\n<td align=\"left\"><span class=\"css3_grid_vertical_align_table\"><span class=\"css3_grid_vertical_align\">Pension\/Suppl\u00e9ment de revenu garanti<\/span><\/span><\/td>\n<td align=\"left\"><span class=\"css3_grid_vertical_align_table\"><span class=\"css3_grid_vertical_align\"><a href=\"http:\/\/www.rhdcc.gc.ca\/\" target=\"_blank\" rel=\"noopener\">www.rhdcc.gc.ca<\/a><\/span><\/span><\/td>\n<td align=\"left\">Informations g\u00e9n\u00e9rales<\/td>\n<td align=\"left\">\n<p><a href=\"tel:1-800-277-9915\"><span class=\"css3_grid_vertical_align_table\"><span class=\"css3_grid_vertical_align\">1-800-277-9915 (FR)<\/span><\/span><\/a><\/p>\n<p><a href=\"tel:1-800-277-9914\"><span class=\"css3_grid_vertical_align_table\"><span class=\"css3_grid_vertical_align\">1-800-277-9914 (EN)<\/span><\/span><\/a><\/p>\n<\/td>\n<\/tr>\n<\/tbody>\n<\/table>\n<\/div>\n<\/div><\/div><div class=\"fusion-layout-column fusion_builder_column fusion-builder-column-2 fusion_builder_column_1_1 1_1 fusion-flex-column\" style=\"--awb-bg-size:cover;--awb-width-large:100%;--awb-margin-top-large:20px;--awb-spacing-right-large:1.92%;--awb-margin-bottom-large:20px;--awb-spacing-left-large:1.92%;--awb-width-medium:100%;--awb-order-medium:0;--awb-spacing-right-medium:1.92%;--awb-spacing-left-medium:1.92%;--awb-width-small:100%;--awb-order-small:0;--awb-spacing-right-small:1.92%;--awb-spacing-left-small:1.92%;\"><div class=\"fusion-column-wrapper fusion-column-has-shadow fusion-flex-justify-content-flex-start fusion-content-layout-column\"><div class=\"fusion-title title fusion-title-3 fusion-title-text fusion-title-size-one\"><div class=\"title-sep-container title-sep-container-left fusion-no-large-visibility fusion-no-medium-visibility fusion-no-small-visibility\"><div class=\"title-sep sep-single sep-solid\" style=\"border-color:var(--awb-color3);\"><\/div><\/div><span class=\"awb-title-spacer fusion-no-large-visibility fusion-no-medium-visibility fusion-no-small-visibility\"><\/span><h1 class=\"fusion-title-heading title-heading-left fusion-responsive-typography-calculated\" style=\"margin:0;--fontSize:60;line-height:var(--awb-typography1-line-height);\">Quebec<\/h1><span class=\"awb-title-spacer\"><\/span><div class=\"title-sep-container title-sep-container-right\"><div class=\"title-sep sep-single sep-solid\" style=\"border-color:var(--awb-color3);\"><\/div><\/div><\/div>\n<div class=\"table-2\">\n<table width=\"100%\">\n<thead>\n<tr>\n<th align=\"left\">Agence<\/th>\n<th align=\"left\">Site Web<\/th>\n<th align=\"left\">&nbsp;<\/th>\n<th align=\"left\">T\u00e9l\u00e9phone <\/th>\n<\/tr>\n<\/thead>\n<tbody>\n<tr>\n<td align=\"left\">\n<p><span class=\"css3_grid_vertical_align_table\"><span class=\"css3_grid_vertical_align\">Revenu Qu\u00e9bec<\/span><\/span><\/p>\n<\/td>\n<td align=\"left\">\n<p><span class=\"css3_grid_vertical_align_table\"><span class=\"css3_grid_vertical_align\"><a href=\"http:\/\/www.revenuquebec.ca\/\" target=\"_blank\" rel=\"noopener\">www.revenuquebec.ca<\/a><\/span><\/span><\/p>\n<\/td>\n<td align=\"left\">\n<p><span class=\"css3_grid_vertical_align_table\"><span class=\"css3_grid_vertical_align\">Entreprises, employeurs et agents<\/span><\/span><\/p>\n<p><span class=\"css3_grid_vertical_align_table\"><span class=\"css3_grid_vertical_align\">Particuliers et ind\u00e9pendants<\/span><\/span><\/p>\n<\/td>\n<td align=\"left\">\n<p><a href=\"tel:1-800-567-4692\"><span class=\"css3_grid_vertical_align_table\"><span class=\"css3_grid_vertical_align\">1-800-567-4692<\/span><\/span><\/a><\/p>\n<p><a href=\"tel:1-800-267-6299\"><span class=\"css3_grid_vertical_align_table\"><span class=\"css3_grid_vertical_align\">1-800-267-6299<\/span><\/span><\/a><\/p>\n<\/td>\n<\/tr>\n<tr>\n<td align=\"left\">\n<p><span class=\"css3_grid_vertical_align_table\"><span class=\"css3_grid_vertical_align\">Minist\u00e8re des Finances et de l&rsquo;\u00c9conomie du Qu\u00e9bec<\/span><\/span><\/p>\n<\/td>\n<td align=\"left\">\n<p><span class=\"css3_grid_vertical_align_table\"><span class=\"css3_grid_vertical_align\"><a href=\"http:\/\/www.finances.gouv.qc.ca\/\" target=\"_blank\" rel=\"noopener\">www.finances.gouv.qc.ca<\/a><\/span><\/span><\/p>\n<\/td>\n<td align=\"left\">\n<p><span class=\"css3_grid_vertical_align_table\"><span class=\"css3_grid_vertical_align\">Informations g\u00e9n\u00e9rales<\/span><\/span><\/p>\n<\/td>\n<td align=\"left\">\n<p><a href=\"tel:418-528-9323\"><span class=\"css3_grid_vertical_align_table\"><span class=\"css3_grid_vertical_align\">418-528-9323<\/span><\/span><\/a><\/p>\n<\/td>\n<\/tr>\n<tr>\n<td align=\"left\">\n<p class=\"p1\">Investissement Qu\u00e9bec<\/p>\n<\/td>\n<td align=\"left\">\n<p><span class=\"css3_grid_vertical_align_table\"><span class=\"css3_grid_vertical_align\"><a href=\"http:\/\/www.investquebec.com\/\" target=\"_blank\" rel=\"noopener\">www.investquebec.com<\/a><\/span><\/span><\/p>\n<\/td>\n<td align=\"left\"><span class=\"css3_grid_vertical_align_table\"><span class=\"css3_grid_vertical_align\">Informations g\u00e9n\u00e9rales<\/span><\/span><\/td>\n<td align=\"left\">\n<p class=\"p1\"><a href=\"tel:1-866-870-0437\">1-866-870-0437<\/a><\/p>\n<\/td>\n<\/tr>\n<tr>\n<td align=\"left\">\n<p><span class=\"css3_grid_vertical_align_table\"><span class=\"css3_grid_vertical_align\">R\u00e9gie des Rentes du Qu\u00e9bec<\/span><\/span><\/p>\n<\/td>\n<td align=\"left\">\n<p><span class=\"css3_grid_vertical_align_table\"><span class=\"css3_grid_vertical_align\"><a href=\"http:\/\/www.rrq.gouv.qc.ca\/\" target=\"_blank\" rel=\"noopener\">www.rrq.gouv.qc.ca<\/a><\/span><\/span><\/p>\n<\/td>\n<td style=\"text-align: left;\" align=\"left\"><span class=\"css3_grid_vertical_align_table\"><span class=\"css3_grid_vertical_align\">Informations g\u00e9n\u00e9rales<\/span><\/span><\/td>\n<td style=\"text-align: left;\" align=\"left\">\n<p class=\"p1\"><a href=\"tel:1-800-567-4692\">1-800-567-4692<\/a><\/p>\n<\/td>\n<\/tr>\n<tr>\n<td align=\"left\">\n<p class=\"p1\">Commission des normes du travail<\/p>\n<\/td>\n<td align=\"left\">\n<p><span class=\"css3_grid_vertical_align_table\"><span class=\"css3_grid_vertical_align\"><a href=\"http:\/\/www.cnt.gouv.qc.ca\/\" target=\"_blank\" rel=\"noopener\">www.cnt.gouv.qc.ca<\/a><\/span><\/span><\/p>\n<\/td>\n<td align=\"left\"><span class=\"css3_grid_vertical_align_table\"><span class=\"css3_grid_vertical_align\">Informations g\u00e9n\u00e9rales<\/span><\/span><\/td>\n<td align=\"left\">\n<p class=\"p1\"><a href=\"tel:1-800-265-1414\">1-800-265-1414<\/a><\/p>\n<\/td>\n<\/tr>\n<tr>\n<td align=\"left\">\n<p class=\"p1\">IGIF<\/p>\n<\/td>\n<td align=\"left\">\n<p><span class=\"css3_grid_vertical_align_table\"><span class=\"css3_grid_vertical_align\"><a href=\"http:\/\/www.registreentreprises.gouv.qc.ca\/en\/\" target=\"_blank\" rel=\"noopener\">www.registreentreprises.gouv.qc.ca<\/a><\/span><\/span><\/p>\n<\/td>\n<td align=\"left\">Informations g\u00e9n\u00e9rales<\/td>\n<td align=\"left\">\n<p class=\"p1\"><a href=\"tel:1-800-644-0075\">1-800-644-0075<\/a><\/p>\n<\/td>\n<\/tr>\n<tr>\n<td align=\"left\">\n<p><span class=\"css3_grid_vertical_align_table\"><span class=\"css3_grid_vertical_align\">Ville de Laval<\/span><\/span><\/p>\n<\/td>\n<td align=\"left\">\n<p><span class=\"css3_grid_vertical_align_table\"><span class=\"css3_grid_vertical_align\"><a href=\"https:\/\/www.laval.ca\/Pages\/En\/home.aspx\" target=\"_blank\" rel=\"noopener\">www.laval.ca<\/a><\/span><\/span><\/p>\n<\/td>\n<td align=\"left\">Informations g\u00e9n\u00e9rales<\/td>\n<td align=\"left\">&#8211;<\/td>\n<\/tr>\n<tr>\n<td align=\"left\">\n<div class=\"table-2\">\n<p><span class=\"css3_grid_vertical_align_table\"><span class=\"css3_grid_vertical_align\">Ville de Montreal<\/span><\/span><\/p>\n<\/div>\n<div class=\"table-2\">\n<div class=\"table-2\">\n<div class=\"table-2\">&nbsp;<\/div>\n<\/div>\n<\/div>\n<\/td>\n<td align=\"left\">\n<div class=\"table-2\">\n<p><span class=\"css3_grid_vertical_align_table\"><span class=\"css3_grid_vertical_align\"><a href=\"http:\/\/ville.montreal.qc.ca\/portal\/page?_pageid=5977,86481579&amp;_dad=portal&amp;_schema=PORTAL\" target=\"_blank\" rel=\"noopener\">www.ville.montreal.qc.ca<\/a><\/span><\/span><\/p>\n<\/div>\n<\/td>\n<td align=\"left\">Informations g\u00e9n\u00e9rales<\/td>\n<td align=\"left\">&#8211;<\/td>\n<\/tr>\n<\/tbody>\n<\/table>\n<\/div>\n<\/div><\/div><\/div><\/div><\/p>\n","protected":false},"excerpt":{"rendered":"","protected":false},"author":1,"featured_media":0,"parent":0,"menu_order":0,"comment_status":"closed","ping_status":"closed","template":"100-width.php","meta":{"footnotes":""},"class_list":["post-2511","page","type-page","status-publish","hentry"],"_links":{"self":[{"href":"https:\/\/infocplus.com\/fr\/wp-json\/wp\/v2\/pages\/2511","targetHints":{"allow":["GET"]}}],"collection":[{"href":"https:\/\/infocplus.com\/fr\/wp-json\/wp\/v2\/pages"}],"about":[{"href":"https:\/\/infocplus.com\/fr\/wp-json\/wp\/v2\/types\/page"}],"author":[{"embeddable":true,"href":"https:\/\/infocplus.com\/fr\/wp-json\/wp\/v2\/users\/1"}],"replies":[{"embeddable":true,"href":"https:\/\/infocplus.com\/fr\/wp-json\/wp\/v2\/comments?post=2511"}],"version-history":[{"count":0,"href":"https:\/\/infocplus.com\/fr\/wp-json\/wp\/v2\/pages\/2511\/revisions"}],"wp:attachment":[{"href":"https:\/\/infocplus.com\/fr\/wp-json\/wp\/v2\/media?parent=2511"}],"curies":[{"name":"wp","href":"https:\/\/api.w.org\/{rel}","templated":true}]}}